{"id":1456,"date":"2020-04-07T13:16:38","date_gmt":"2020-04-07T11:16:38","guid":{"rendered":"https:\/\/www.topus.pl\/pliki-cookies\/"},"modified":"2020-04-08T16:31:18","modified_gmt":"2020-04-08T14:31:18","slug":"%d1%84%d0%b0%d0%b9%d0%bb%d1%8b-cookies","status":"publish","type":"page","link":"https:\/\/www.topus.pl\/ru\/%d1%84%d0%b0%d0%b9%d0%bb%d1%8b-cookies\/","title":{"rendered":"\u0424\u0430\u0439\u043b\u044b cookies"},"content":{"rendered":"","protected":false},"excerpt":{"rendered":"","protected":false},"author":1,"featured_media":0,"parent":0,"menu_order":6,"comment_status":"closed","ping_status":"closed","template":"","meta":{"_acf_changed":false,"footnotes":""},"class_list":["post-1456","page","type-page","status-publish","hentry"],"acf":[],"yoast_head":"<!-- This site is optimized with the Yoast SEO plugin v20.3 - https:\/\/yoast.com\/wordpress\/plugins\/seo\/ -->\n<title>\u0424\u0430\u0439\u043b\u044b cookies &ndash; Topus<\/title>\n<meta name=\"description\" content=\"Topus to niezale\u017cny dystrybutor oryginalnych materia\u0142\u00f3w eksploatacyjnych do drukarek.\" \/>\n<meta name=\"robots\" content=\"index, follow, max-snippet:-1, max-image-preview:large, max-video-preview:-1\" \/>\n<link rel=\"canonical\" href=\"https:\/\/www.topus.pl\/ru\/%d1%84%d0%b0%d0%b9%d0%bb%d1%8b-cookies\/\" \/>\n<meta property=\"og:locale\" content=\"ru_RU\" \/>\n<meta property=\"og:type\" content=\"article\" \/>\n<meta property=\"og:title\" content=\"\u0424\u0430\u0439\u043b\u044b cookies &ndash; Topus\" \/>\n<meta property=\"og:description\" content=\"Topus to niezale\u017cny dystrybutor oryginalnych materia\u0142\u00f3w eksploatacyjnych do drukarek.\" \/>\n<meta property=\"og:url\" content=\"https:\/\/www.topus.pl\/ru\/%d1%84%d0%b0%d0%b9%d0%bb%d1%8b-cookies\/\" \/>\n<meta property=\"og:site_name\" content=\"Topus\" \/>\n<meta property=\"article:modified_time\" content=\"2020-04-08T14:31:18+00:00\" \/>\n<meta name=\"twitter:card\" content=\"summary_large_image\" \/>\n<script type=\"application\/ld+json\" class=\"yoast-schema-graph\">{\"@context\":\"https:\/\/schema.org\",\"@graph\":[{\"@type\":\"WebPage\",\"@id\":\"https:\/\/www.topus.pl\/ru\/%d1%84%d0%b0%d0%b9%d0%bb%d1%8b-cookies\/\",\"url\":\"https:\/\/www.topus.pl\/ru\/%d1%84%d0%b0%d0%b9%d0%bb%d1%8b-cookies\/\",\"name\":\"\u0424\u0430\u0439\u043b\u044b cookies &ndash; Topus\",\"isPartOf\":{\"@id\":\"https:\/\/www.topus.pl\/ru\/#website\"},\"datePublished\":\"2020-04-07T11:16:38+00:00\",\"dateModified\":\"2020-04-08T14:31:18+00:00\",\"description\":\"Topus to niezale\u017cny dystrybutor oryginalnych materia\u0142\u00f3w eksploatacyjnych do drukarek.\",\"breadcrumb\":{\"@id\":\"https:\/\/www.topus.pl\/ru\/%d1%84%d0%b0%d0%b9%d0%bb%d1%8b-cookies\/#breadcrumb\"},\"inLanguage\":\"ru-RU\",\"potentialAction\":[{\"@type\":\"ReadAction\",\"target\":[\"https:\/\/www.topus.pl\/ru\/%d1%84%d0%b0%d0%b9%d0%bb%d1%8b-cookies\/\"]}]},{\"@type\":\"BreadcrumbList\",\"@id\":\"https:\/\/www.topus.pl\/ru\/%d1%84%d0%b0%d0%b9%d0%bb%d1%8b-cookies\/#breadcrumb\",\"itemListElement\":[{\"@type\":\"ListItem\",\"position\":1,\"name\":\"Strona g\u0142\u00f3wna\",\"item\":\"https:\/\/www.topus.pl\/ru\/\"},{\"@type\":\"ListItem\",\"position\":2,\"name\":\"\u0424\u0430\u0439\u043b\u044b cookies\"}]},{\"@type\":\"WebSite\",\"@id\":\"https:\/\/www.topus.pl\/ru\/#website\",\"url\":\"https:\/\/www.topus.pl\/ru\/\",\"name\":\"Topus\",\"description\":\"Topus to niezale\u017cny dystrybutor oryginalnych materia\u0142\u00f3w eksploatacyjnych do drukarek.\",\"potentialAction\":[{\"@type\":\"SearchAction\",\"target\":{\"@type\":\"EntryPoint\",\"urlTemplate\":\"https:\/\/www.topus.pl\/ru\/?s={search_term_string}\"},\"query-input\":\"required name=search_term_string\"}],\"inLanguage\":\"ru-RU\"}]}<\/script>\n<!-- \/ Yoast SEO plugin. -->","yoast_head_json":{"title":"\u0424\u0430\u0439\u043b\u044b cookies &ndash; Topus","description":"Topus to niezale\u017cny dystrybutor oryginalnych materia\u0142\u00f3w eksploatacyjnych do drukarek.","robots":{"index":"index","follow":"follow","max-snippet":"max-snippet:-1","max-image-preview":"max-image-preview:large","max-video-preview":"max-video-preview:-1"},"canonical":"https:\/\/www.topus.pl\/ru\/%d1%84%d0%b0%d0%b9%d0%bb%d1%8b-cookies\/","og_locale":"ru_RU","og_type":"article","og_title":"\u0424\u0430\u0439\u043b\u044b cookies &ndash; Topus","og_description":"Topus to niezale\u017cny dystrybutor oryginalnych materia\u0142\u00f3w eksploatacyjnych do drukarek.","og_url":"https:\/\/www.topus.pl\/ru\/%d1%84%d0%b0%d0%b9%d0%bb%d1%8b-cookies\/","og_site_name":"Topus","article_modified_time":"2020-04-08T14:31:18+00:00","twitter_card":"summary_large_image","schema":{"@context":"https:\/\/schema.org","@graph":[{"@type":"WebPage","@id":"https:\/\/www.topus.pl\/ru\/%d1%84%d0%b0%d0%b9%d0%bb%d1%8b-cookies\/","url":"https:\/\/www.topus.pl\/ru\/%d1%84%d0%b0%d0%b9%d0%bb%d1%8b-cookies\/","name":"\u0424\u0430\u0439\u043b\u044b cookies &ndash; Topus","isPartOf":{"@id":"https:\/\/www.topus.pl\/ru\/#website"},"datePublished":"2020-04-07T11:16:38+00:00","dateModified":"2020-04-08T14:31:18+00:00","description":"Topus to niezale\u017cny dystrybutor oryginalnych materia\u0142\u00f3w eksploatacyjnych do drukarek.","breadcrumb":{"@id":"https:\/\/www.topus.pl\/ru\/%d1%84%d0%b0%d0%b9%d0%bb%d1%8b-cookies\/#breadcrumb"},"inLanguage":"ru-RU","potentialAction":[{"@type":"ReadAction","target":["https:\/\/www.topus.pl\/ru\/%d1%84%d0%b0%d0%b9%d0%bb%d1%8b-cookies\/"]}]},{"@type":"BreadcrumbList","@id":"https:\/\/www.topus.pl\/ru\/%d1%84%d0%b0%d0%b9%d0%bb%d1%8b-cookies\/#breadcrumb","itemListElement":[{"@type":"ListItem","position":1,"name":"Strona g\u0142\u00f3wna","item":"https:\/\/www.topus.pl\/ru\/"},{"@type":"ListItem","position":2,"name":"\u0424\u0430\u0439\u043b\u044b cookies"}]},{"@type":"WebSite","@id":"https:\/\/www.topus.pl\/ru\/#website","url":"https:\/\/www.topus.pl\/ru\/","name":"Topus","description":"Topus to niezale\u017cny dystrybutor oryginalnych materia\u0142\u00f3w eksploatacyjnych do drukarek.","potentialAction":[{"@type":"SearchAction","target":{"@type":"EntryPoint","urlTemplate":"https:\/\/www.topus.pl\/ru\/?s={search_term_string}"},"query-input":"required name=search_term_string"}],"inLanguage":"ru-RU"}]}},"_links":{"self":[{"href":"https:\/\/www.topus.pl\/ru\/wp-json\/wp\/v2\/pages\/1456"}],"collection":[{"href":"https:\/\/www.topus.pl\/ru\/wp-json\/wp\/v2\/pages"}],"about":[{"href":"https:\/\/www.topus.pl\/ru\/wp-json\/wp\/v2\/types\/page"}],"author":[{"embeddable":true,"href":"https:\/\/www.topus.pl\/ru\/wp-json\/wp\/v2\/users\/1"}],"replies":[{"embeddable":true,"href":"https:\/\/www.topus.pl\/ru\/wp-json\/wp\/v2\/comments?post=1456"}],"version-history":[{"count":1,"href":"https:\/\/www.topus.pl\/ru\/wp-json\/wp\/v2\/pages\/1456\/revisions"}],"predecessor-version":[{"id":1543,"href":"https:\/\/www.topus.pl\/ru\/wp-json\/wp\/v2\/pages\/1456\/revisions\/1543"}],"wp:attachment":[{"href":"https:\/\/www.topus.pl\/ru\/wp-json\/wp\/v2\/media?parent=1456"}],"curies":[{"name":"wp","href":"https:\/\/api.w.org\/{rel}","templated":true}]}}