{"id":1451,"date":"2020-04-07T13:16:15","date_gmt":"2020-04-07T11:16:15","guid":{"rendered":"https:\/\/www.topus.pl\/polityka-prywatnosci\/"},"modified":"2020-04-14T06:22:58","modified_gmt":"2020-04-14T04:22:58","slug":"privacy-policy-and-cookies","status":"publish","type":"page","link":"https:\/\/www.topus.pl\/ru\/privacy-policy-and-cookies\/","title":{"rendered":"Privacy policy and cookies"},"content":{"rendered":"<p><strong>Data controller and contact information<\/strong><br \/>\nThe data controller is Topus sp. z o.o. sp. k., ul. Mydlana 1, 51-502 Wroc\u0142aw, Poland, VAT Id: PL8982197289. If you have any questions about this privacy statement or how and why we process personal data, please contact us at address above, or send an email: administration@topus.pl<\/p>\n<p><strong>What data is being collected?<\/strong><br \/>\nWe keep basic information that you give us: full name, company position, your business data, shipping address, email address and phone number.<\/p>\n<p><strong>What is the legal basis for processing the data?<\/strong><br \/>\nOur processing of personal data is regulated by the General Data Protection Regulation (EU) 2016\/679 (\u201eGDPR\u201d) and Polish fiscal law.<\/p>\n<p><strong>Will the data be shared with any third parties?<\/strong><br \/>\nPersonal data held by us may be transferred to Third party organisations that provide applications\/functionality, data processing or IT services to us, third party organisations that otherwise assist us in providing goods, services or information, auditors and other professional advisers, law enforcement or other government and regulatory agencies or to other third parties as required by, and in accordance with, applicable law or regulation.<\/p>\n<p><strong>How will the information be used?<\/strong><br \/>\nWe will primarily use your personal information to provide our services and products to you. We may also use your personal information to process requests and purchases and manage your interactions with us, to communicate with you about services or products you have requested from us, for record-keeping purposes, to fulfil our legal obligations.<\/p>\n<p><strong>How long will the data be stored for?<\/strong><br \/>\nWe retain your personal data for as long as it is necessary to fulfil the purposes for which for which they are processed, or for as long as we are required to retain them in accordance with law or regulation.<\/p>\n<p><strong>Your rights<\/strong><br \/>\nYou have the right to ask us for a copy of any personal data that you have provided to us or that we maintain about you and to request an explanation about the processing. In addition, you have the right to withdraw any consent previously granted or to request correction, amendment, restriction, anonymization or deletion of your personal data; and to obtain the personal data you provide with your consent or in connection with a contract in a structured, machine readable format and to ask us to transfer this data to another data controller.<\/p>\n<p><strong>How do we protect your personal data?<\/strong><br \/>\nWe are committed to the safeguarding of personal data. We have measures in place to protect the integrity and security of personal data in accordance with the requirements of the GDPR. We process personal data using encrypted and password protected systems. We also have internal routines for data protection.<\/p>\n<p><strong>Changes to our privacy statement<\/strong><br \/>\nIf we modify our Privacy Statement, we will post the revised statement here, with an updated revision date. If we make significant changes to our Privacy Statement that materially alter our privacy practices, we may also notify you by other means, such as sending an email or posting a notice on our corporate website. This Privacy Statement was last updated in May 2018.<\/p>\n","protected":false},"excerpt":{"rendered":"<p>Data controller and contact information The data controller is Topus sp. z o.o. sp. k., ul. Mydlana 1, 51-502 Wroc\u0142aw, Poland, VAT Id: PL8982197289. If you have any questions about this privacy statement or how and why we process personal data, please contact us at address above, or send an email: administration@topus.pl What data is [&hellip;]<\/p>\n","protected":false},"author":1,"featured_media":0,"parent":0,"menu_order":5,"comment_status":"closed","ping_status":"closed","template":"","meta":{"_acf_changed":false,"footnotes":""},"class_list":["post-1451","page","type-page","status-publish","hentry"],"acf":[],"yoast_head":"<!-- This site is optimized with the Yoast SEO plugin v20.3 - https:\/\/yoast.com\/wordpress\/plugins\/seo\/ -->\n<title>Privacy policy and cookies &ndash; Topus<\/title>\n<meta name=\"description\" content=\"Topus to niezale\u017cny dystrybutor oryginalnych materia\u0142\u00f3w eksploatacyjnych do drukarek.\" \/>\n<meta name=\"robots\" content=\"index, follow, max-snippet:-1, max-image-preview:large, max-video-preview:-1\" \/>\n<link rel=\"canonical\" href=\"https:\/\/www.topus.pl\/ru\/privacy-policy-and-cookies\/\" \/>\n<meta property=\"og:locale\" content=\"ru_RU\" \/>\n<meta property=\"og:type\" content=\"article\" \/>\n<meta property=\"og:title\" content=\"Privacy policy and cookies &ndash; Topus\" \/>\n<meta property=\"og:description\" content=\"Topus to niezale\u017cny dystrybutor oryginalnych materia\u0142\u00f3w eksploatacyjnych do drukarek.\" \/>\n<meta property=\"og:url\" content=\"https:\/\/www.topus.pl\/ru\/privacy-policy-and-cookies\/\" \/>\n<meta property=\"og:site_name\" content=\"Topus\" \/>\n<meta property=\"article:modified_time\" content=\"2020-04-14T04:22:58+00:00\" \/>\n<meta name=\"twitter:card\" content=\"summary_large_image\" \/>\n<meta name=\"twitter:label1\" content=\"\u041f\u0440\u0438\u043c\u0435\u0440\u043d\u043e\u0435 \u0432\u0440\u0435\u043c\u044f \u0434\u043b\u044f \u0447\u0442\u0435\u043d\u0438\u044f\" \/>\n\t<meta name=\"twitter:data1\" content=\"3 \u043c\u0438\u043d\u0443\u0442\u044b\" \/>\n<script type=\"application\/ld+json\" class=\"yoast-schema-graph\">{\"@context\":\"https:\/\/schema.org\",\"@graph\":[{\"@type\":\"WebPage\",\"@id\":\"https:\/\/www.topus.pl\/ru\/privacy-policy-and-cookies\/\",\"url\":\"https:\/\/www.topus.pl\/ru\/privacy-policy-and-cookies\/\",\"name\":\"Privacy policy and cookies &ndash; Topus\",\"isPartOf\":{\"@id\":\"https:\/\/www.topus.pl\/ru\/#website\"},\"datePublished\":\"2020-04-07T11:16:15+00:00\",\"dateModified\":\"2020-04-14T04:22:58+00:00\",\"description\":\"Topus to niezale\u017cny dystrybutor oryginalnych materia\u0142\u00f3w eksploatacyjnych do drukarek.\",\"breadcrumb\":{\"@id\":\"https:\/\/www.topus.pl\/ru\/privacy-policy-and-cookies\/#breadcrumb\"},\"inLanguage\":\"ru-RU\",\"potentialAction\":[{\"@type\":\"ReadAction\",\"target\":[\"https:\/\/www.topus.pl\/ru\/privacy-policy-and-cookies\/\"]}]},{\"@type\":\"BreadcrumbList\",\"@id\":\"https:\/\/www.topus.pl\/ru\/privacy-policy-and-cookies\/#breadcrumb\",\"itemListElement\":[{\"@type\":\"ListItem\",\"position\":1,\"name\":\"Strona g\u0142\u00f3wna\",\"item\":\"https:\/\/www.topus.pl\/ru\/\"},{\"@type\":\"ListItem\",\"position\":2,\"name\":\"Privacy policy and cookies\"}]},{\"@type\":\"WebSite\",\"@id\":\"https:\/\/www.topus.pl\/ru\/#website\",\"url\":\"https:\/\/www.topus.pl\/ru\/\",\"name\":\"Topus\",\"description\":\"Topus to niezale\u017cny dystrybutor oryginalnych materia\u0142\u00f3w eksploatacyjnych do drukarek.\",\"potentialAction\":[{\"@type\":\"SearchAction\",\"target\":{\"@type\":\"EntryPoint\",\"urlTemplate\":\"https:\/\/www.topus.pl\/ru\/?s={search_term_string}\"},\"query-input\":\"required name=search_term_string\"}],\"inLanguage\":\"ru-RU\"}]}<\/script>\n<!-- \/ Yoast SEO plugin. -->","yoast_head_json":{"title":"Privacy policy and cookies &ndash; Topus","description":"Topus to niezale\u017cny dystrybutor oryginalnych materia\u0142\u00f3w eksploatacyjnych do drukarek.","robots":{"index":"index","follow":"follow","max-snippet":"max-snippet:-1","max-image-preview":"max-image-preview:large","max-video-preview":"max-video-preview:-1"},"canonical":"https:\/\/www.topus.pl\/ru\/privacy-policy-and-cookies\/","og_locale":"ru_RU","og_type":"article","og_title":"Privacy policy and cookies &ndash; Topus","og_description":"Topus to niezale\u017cny dystrybutor oryginalnych materia\u0142\u00f3w eksploatacyjnych do drukarek.","og_url":"https:\/\/www.topus.pl\/ru\/privacy-policy-and-cookies\/","og_site_name":"Topus","article_modified_time":"2020-04-14T04:22:58+00:00","twitter_card":"summary_large_image","twitter_misc":{"\u041f\u0440\u0438\u043c\u0435\u0440\u043d\u043e\u0435 \u0432\u0440\u0435\u043c\u044f \u0434\u043b\u044f \u0447\u0442\u0435\u043d\u0438\u044f":"3 \u043c\u0438\u043d\u0443\u0442\u044b"},"schema":{"@context":"https:\/\/schema.org","@graph":[{"@type":"WebPage","@id":"https:\/\/www.topus.pl\/ru\/privacy-policy-and-cookies\/","url":"https:\/\/www.topus.pl\/ru\/privacy-policy-and-cookies\/","name":"Privacy policy and cookies &ndash; Topus","isPartOf":{"@id":"https:\/\/www.topus.pl\/ru\/#website"},"datePublished":"2020-04-07T11:16:15+00:00","dateModified":"2020-04-14T04:22:58+00:00","description":"Topus to niezale\u017cny dystrybutor oryginalnych materia\u0142\u00f3w eksploatacyjnych do drukarek.","breadcrumb":{"@id":"https:\/\/www.topus.pl\/ru\/privacy-policy-and-cookies\/#breadcrumb"},"inLanguage":"ru-RU","potentialAction":[{"@type":"ReadAction","target":["https:\/\/www.topus.pl\/ru\/privacy-policy-and-cookies\/"]}]},{"@type":"BreadcrumbList","@id":"https:\/\/www.topus.pl\/ru\/privacy-policy-and-cookies\/#breadcrumb","itemListElement":[{"@type":"ListItem","position":1,"name":"Strona g\u0142\u00f3wna","item":"https:\/\/www.topus.pl\/ru\/"},{"@type":"ListItem","position":2,"name":"Privacy policy and cookies"}]},{"@type":"WebSite","@id":"https:\/\/www.topus.pl\/ru\/#website","url":"https:\/\/www.topus.pl\/ru\/","name":"Topus","description":"Topus to niezale\u017cny dystrybutor oryginalnych materia\u0142\u00f3w eksploatacyjnych do drukarek.","potentialAction":[{"@type":"SearchAction","target":{"@type":"EntryPoint","urlTemplate":"https:\/\/www.topus.pl\/ru\/?s={search_term_string}"},"query-input":"required name=search_term_string"}],"inLanguage":"ru-RU"}]}},"_links":{"self":[{"href":"https:\/\/www.topus.pl\/ru\/wp-json\/wp\/v2\/pages\/1451"}],"collection":[{"href":"https:\/\/www.topus.pl\/ru\/wp-json\/wp\/v2\/pages"}],"about":[{"href":"https:\/\/www.topus.pl\/ru\/wp-json\/wp\/v2\/types\/page"}],"author":[{"embeddable":true,"href":"https:\/\/www.topus.pl\/ru\/wp-json\/wp\/v2\/users\/1"}],"replies":[{"embeddable":true,"href":"https:\/\/www.topus.pl\/ru\/wp-json\/wp\/v2\/comments?post=1451"}],"version-history":[{"count":7,"href":"https:\/\/www.topus.pl\/ru\/wp-json\/wp\/v2\/pages\/1451\/revisions"}],"predecessor-version":[{"id":2067,"href":"https:\/\/www.topus.pl\/ru\/wp-json\/wp\/v2\/pages\/1451\/revisions\/2067"}],"wp:attachment":[{"href":"https:\/\/www.topus.pl\/ru\/wp-json\/wp\/v2\/media?parent=1451"}],"curies":[{"name":"wp","href":"https:\/\/api.w.org\/{rel}","templated":true}]}}