{"id":1365,"date":"2020-03-25T14:13:41","date_gmt":"2020-03-25T13:13:41","guid":{"rendered":"https:\/\/www.topus.pl\/rma\/"},"modified":"2020-08-19T10:46:44","modified_gmt":"2020-08-19T08:46:44","slug":"rma","status":"publish","type":"page","link":"https:\/\/www.topus.pl\/ru\/rma\/","title":{"rendered":"RMA"},"content":{"rendered":"","protected":false},"excerpt":{"rendered":"","protected":false},"author":1,"featured_media":0,"parent":0,"menu_order":1,"comment_status":"closed","ping_status":"closed","template":"pages\/rma.php","meta":{"_acf_changed":false,"footnotes":""},"class_list":["post-1365","page","type-page","status-publish","hentry"],"acf":[],"yoast_head":"<!-- This site is optimized with the Yoast SEO plugin v20.3 - https:\/\/yoast.com\/wordpress\/plugins\/seo\/ -->\n<title>RMA &ndash; Topus<\/title>\n<meta name=\"description\" content=\"Topus to niezale\u017cny dystrybutor oryginalnych materia\u0142\u00f3w eksploatacyjnych do drukarek.\" \/>\n<meta name=\"robots\" content=\"index, follow, max-snippet:-1, max-image-preview:large, max-video-preview:-1\" \/>\n<link rel=\"canonical\" href=\"https:\/\/www.topus.pl\/ru\/rma\/\" \/>\n<meta property=\"og:locale\" content=\"ru_RU\" \/>\n<meta property=\"og:type\" content=\"article\" \/>\n<meta property=\"og:title\" content=\"RMA &ndash; Topus\" \/>\n<meta property=\"og:description\" content=\"Topus to niezale\u017cny dystrybutor oryginalnych materia\u0142\u00f3w eksploatacyjnych do drukarek.\" \/>\n<meta property=\"og:url\" content=\"https:\/\/www.topus.pl\/ru\/rma\/\" \/>\n<meta property=\"og:site_name\" content=\"Topus\" \/>\n<meta property=\"article:modified_time\" content=\"2020-08-19T08:46:44+00:00\" \/>\n<meta name=\"twitter:card\" content=\"summary_large_image\" \/>\n<script type=\"application\/ld+json\" class=\"yoast-schema-graph\">{\"@context\":\"https:\/\/schema.org\",\"@graph\":[{\"@type\":\"WebPage\",\"@id\":\"https:\/\/www.topus.pl\/ru\/rma\/\",\"url\":\"https:\/\/www.topus.pl\/ru\/rma\/\",\"name\":\"RMA &ndash; Topus\",\"isPartOf\":{\"@id\":\"https:\/\/www.topus.pl\/ru\/#website\"},\"datePublished\":\"2020-03-25T13:13:41+00:00\",\"dateModified\":\"2020-08-19T08:46:44+00:00\",\"description\":\"Topus to niezale\u017cny dystrybutor oryginalnych materia\u0142\u00f3w eksploatacyjnych do drukarek.\",\"breadcrumb\":{\"@id\":\"https:\/\/www.topus.pl\/ru\/rma\/#breadcrumb\"},\"inLanguage\":\"ru-RU\",\"potentialAction\":[{\"@type\":\"ReadAction\",\"target\":[\"https:\/\/www.topus.pl\/ru\/rma\/\"]}]},{\"@type\":\"BreadcrumbList\",\"@id\":\"https:\/\/www.topus.pl\/ru\/rma\/#breadcrumb\",\"itemListElement\":[{\"@type\":\"ListItem\",\"position\":1,\"name\":\"Strona g\u0142\u00f3wna\",\"item\":\"https:\/\/www.topus.pl\/ru\/\"},{\"@type\":\"ListItem\",\"position\":2,\"name\":\"RMA\"}]},{\"@type\":\"WebSite\",\"@id\":\"https:\/\/www.topus.pl\/ru\/#website\",\"url\":\"https:\/\/www.topus.pl\/ru\/\",\"name\":\"Topus\",\"description\":\"Topus to niezale\u017cny dystrybutor oryginalnych materia\u0142\u00f3w eksploatacyjnych do drukarek.\",\"potentialAction\":[{\"@type\":\"SearchAction\",\"target\":{\"@type\":\"EntryPoint\",\"urlTemplate\":\"https:\/\/www.topus.pl\/ru\/?s={search_term_string}\"},\"query-input\":\"required name=search_term_string\"}],\"inLanguage\":\"ru-RU\"}]}<\/script>\n<!-- \/ Yoast SEO plugin. -->","yoast_head_json":{"title":"RMA &ndash; Topus","description":"Topus to niezale\u017cny dystrybutor oryginalnych materia\u0142\u00f3w eksploatacyjnych do drukarek.","robots":{"index":"index","follow":"follow","max-snippet":"max-snippet:-1","max-image-preview":"max-image-preview:large","max-video-preview":"max-video-preview:-1"},"canonical":"https:\/\/www.topus.pl\/ru\/rma\/","og_locale":"ru_RU","og_type":"article","og_title":"RMA &ndash; Topus","og_description":"Topus to niezale\u017cny dystrybutor oryginalnych materia\u0142\u00f3w eksploatacyjnych do drukarek.","og_url":"https:\/\/www.topus.pl\/ru\/rma\/","og_site_name":"Topus","article_modified_time":"2020-08-19T08:46:44+00:00","twitter_card":"summary_large_image","schema":{"@context":"https:\/\/schema.org","@graph":[{"@type":"WebPage","@id":"https:\/\/www.topus.pl\/ru\/rma\/","url":"https:\/\/www.topus.pl\/ru\/rma\/","name":"RMA &ndash; Topus","isPartOf":{"@id":"https:\/\/www.topus.pl\/ru\/#website"},"datePublished":"2020-03-25T13:13:41+00:00","dateModified":"2020-08-19T08:46:44+00:00","description":"Topus to niezale\u017cny dystrybutor oryginalnych materia\u0142\u00f3w eksploatacyjnych do drukarek.","breadcrumb":{"@id":"https:\/\/www.topus.pl\/ru\/rma\/#breadcrumb"},"inLanguage":"ru-RU","potentialAction":[{"@type":"ReadAction","target":["https:\/\/www.topus.pl\/ru\/rma\/"]}]},{"@type":"BreadcrumbList","@id":"https:\/\/www.topus.pl\/ru\/rma\/#breadcrumb","itemListElement":[{"@type":"ListItem","position":1,"name":"Strona g\u0142\u00f3wna","item":"https:\/\/www.topus.pl\/ru\/"},{"@type":"ListItem","position":2,"name":"RMA"}]},{"@type":"WebSite","@id":"https:\/\/www.topus.pl\/ru\/#website","url":"https:\/\/www.topus.pl\/ru\/","name":"Topus","description":"Topus to niezale\u017cny dystrybutor oryginalnych materia\u0142\u00f3w eksploatacyjnych do drukarek.","potentialAction":[{"@type":"SearchAction","target":{"@type":"EntryPoint","urlTemplate":"https:\/\/www.topus.pl\/ru\/?s={search_term_string}"},"query-input":"required name=search_term_string"}],"inLanguage":"ru-RU"}]}},"_links":{"self":[{"href":"https:\/\/www.topus.pl\/ru\/wp-json\/wp\/v2\/pages\/1365"}],"collection":[{"href":"https:\/\/www.topus.pl\/ru\/wp-json\/wp\/v2\/pages"}],"about":[{"href":"https:\/\/www.topus.pl\/ru\/wp-json\/wp\/v2\/types\/page"}],"author":[{"embeddable":true,"href":"https:\/\/www.topus.pl\/ru\/wp-json\/wp\/v2\/users\/1"}],"replies":[{"embeddable":true,"href":"https:\/\/www.topus.pl\/ru\/wp-json\/wp\/v2\/comments?post=1365"}],"version-history":[{"count":5,"href":"https:\/\/www.topus.pl\/ru\/wp-json\/wp\/v2\/pages\/1365\/revisions"}],"predecessor-version":[{"id":3091,"href":"https:\/\/www.topus.pl\/ru\/wp-json\/wp\/v2\/pages\/1365\/revisions\/3091"}],"wp:attachment":[{"href":"https:\/\/www.topus.pl\/ru\/wp-json\/wp\/v2\/media?parent=1365"}],"curies":[{"name":"wp","href":"https:\/\/api.w.org\/{rel}","templated":true}]}}