{"id":1455,"date":"2020-04-07T13:16:38","date_gmt":"2020-04-07T11:16:38","guid":{"rendered":"https:\/\/www.topus.pl\/pliki-cookies\/"},"modified":"2020-04-08T16:23:37","modified_gmt":"2020-04-08T14:23:37","slug":"cookies","status":"publish","type":"page","link":"https:\/\/www.topus.pl\/it\/cookies\/","title":{"rendered":"Cookies"},"content":{"rendered":"","protected":false},"excerpt":{"rendered":"","protected":false},"author":1,"featured_media":0,"parent":0,"menu_order":6,"comment_status":"closed","ping_status":"closed","template":"","meta":{"_acf_changed":false,"footnotes":""},"class_list":["post-1455","page","type-page","status-publish","hentry"],"acf":[],"yoast_head":"<!-- This site is optimized with the Yoast SEO plugin v20.3 - https:\/\/yoast.com\/wordpress\/plugins\/seo\/ -->\n<title>Cookies &ndash; Topus<\/title>\n<meta name=\"description\" content=\"Topus to niezale\u017cny dystrybutor oryginalnych materia\u0142\u00f3w eksploatacyjnych do drukarek.\" \/>\n<meta name=\"robots\" content=\"index, follow, max-snippet:-1, max-image-preview:large, max-video-preview:-1\" \/>\n<link rel=\"canonical\" href=\"https:\/\/www.topus.pl\/it\/cookies\/\" \/>\n<meta property=\"og:locale\" content=\"it_IT\" \/>\n<meta property=\"og:type\" content=\"article\" \/>\n<meta property=\"og:title\" content=\"Cookies &ndash; Topus\" \/>\n<meta property=\"og:description\" content=\"Topus to niezale\u017cny dystrybutor oryginalnych materia\u0142\u00f3w eksploatacyjnych do drukarek.\" \/>\n<meta property=\"og:url\" content=\"https:\/\/www.topus.pl\/it\/cookies\/\" \/>\n<meta property=\"og:site_name\" content=\"Topus\" \/>\n<meta property=\"article:modified_time\" content=\"2020-04-08T14:23:37+00:00\" \/>\n<meta name=\"twitter:card\" content=\"summary_large_image\" \/>\n<script type=\"application\/ld+json\" class=\"yoast-schema-graph\">{\"@context\":\"https:\/\/schema.org\",\"@graph\":[{\"@type\":\"WebPage\",\"@id\":\"https:\/\/www.topus.pl\/it\/cookies\/\",\"url\":\"https:\/\/www.topus.pl\/it\/cookies\/\",\"name\":\"Cookies &ndash; Topus\",\"isPartOf\":{\"@id\":\"https:\/\/www.topus.pl\/it\/#website\"},\"datePublished\":\"2020-04-07T11:16:38+00:00\",\"dateModified\":\"2020-04-08T14:23:37+00:00\",\"description\":\"Topus to niezale\u017cny dystrybutor oryginalnych materia\u0142\u00f3w eksploatacyjnych do drukarek.\",\"breadcrumb\":{\"@id\":\"https:\/\/www.topus.pl\/it\/cookies\/#breadcrumb\"},\"inLanguage\":\"it-IT\",\"potentialAction\":[{\"@type\":\"ReadAction\",\"target\":[\"https:\/\/www.topus.pl\/it\/cookies\/\"]}]},{\"@type\":\"BreadcrumbList\",\"@id\":\"https:\/\/www.topus.pl\/it\/cookies\/#breadcrumb\",\"itemListElement\":[{\"@type\":\"ListItem\",\"position\":1,\"name\":\"Strona g\u0142\u00f3wna\",\"item\":\"https:\/\/www.topus.pl\/it\/\"},{\"@type\":\"ListItem\",\"position\":2,\"name\":\"Cookies\"}]},{\"@type\":\"WebSite\",\"@id\":\"https:\/\/www.topus.pl\/it\/#website\",\"url\":\"https:\/\/www.topus.pl\/it\/\",\"name\":\"Topus\",\"description\":\"Topus to niezale\u017cny dystrybutor oryginalnych materia\u0142\u00f3w eksploatacyjnych do drukarek.\",\"potentialAction\":[{\"@type\":\"SearchAction\",\"target\":{\"@type\":\"EntryPoint\",\"urlTemplate\":\"https:\/\/www.topus.pl\/it\/?s={search_term_string}\"},\"query-input\":\"required name=search_term_string\"}],\"inLanguage\":\"it-IT\"}]}<\/script>\n<!-- \/ Yoast SEO plugin. -->","yoast_head_json":{"title":"Cookies &ndash; Topus","description":"Topus to niezale\u017cny dystrybutor oryginalnych materia\u0142\u00f3w eksploatacyjnych do drukarek.","robots":{"index":"index","follow":"follow","max-snippet":"max-snippet:-1","max-image-preview":"max-image-preview:large","max-video-preview":"max-video-preview:-1"},"canonical":"https:\/\/www.topus.pl\/it\/cookies\/","og_locale":"it_IT","og_type":"article","og_title":"Cookies &ndash; Topus","og_description":"Topus to niezale\u017cny dystrybutor oryginalnych materia\u0142\u00f3w eksploatacyjnych do drukarek.","og_url":"https:\/\/www.topus.pl\/it\/cookies\/","og_site_name":"Topus","article_modified_time":"2020-04-08T14:23:37+00:00","twitter_card":"summary_large_image","schema":{"@context":"https:\/\/schema.org","@graph":[{"@type":"WebPage","@id":"https:\/\/www.topus.pl\/it\/cookies\/","url":"https:\/\/www.topus.pl\/it\/cookies\/","name":"Cookies &ndash; Topus","isPartOf":{"@id":"https:\/\/www.topus.pl\/it\/#website"},"datePublished":"2020-04-07T11:16:38+00:00","dateModified":"2020-04-08T14:23:37+00:00","description":"Topus to niezale\u017cny dystrybutor oryginalnych materia\u0142\u00f3w eksploatacyjnych do drukarek.","breadcrumb":{"@id":"https:\/\/www.topus.pl\/it\/cookies\/#breadcrumb"},"inLanguage":"it-IT","potentialAction":[{"@type":"ReadAction","target":["https:\/\/www.topus.pl\/it\/cookies\/"]}]},{"@type":"BreadcrumbList","@id":"https:\/\/www.topus.pl\/it\/cookies\/#breadcrumb","itemListElement":[{"@type":"ListItem","position":1,"name":"Strona g\u0142\u00f3wna","item":"https:\/\/www.topus.pl\/it\/"},{"@type":"ListItem","position":2,"name":"Cookies"}]},{"@type":"WebSite","@id":"https:\/\/www.topus.pl\/it\/#website","url":"https:\/\/www.topus.pl\/it\/","name":"Topus","description":"Topus to niezale\u017cny dystrybutor oryginalnych materia\u0142\u00f3w eksploatacyjnych do drukarek.","potentialAction":[{"@type":"SearchAction","target":{"@type":"EntryPoint","urlTemplate":"https:\/\/www.topus.pl\/it\/?s={search_term_string}"},"query-input":"required name=search_term_string"}],"inLanguage":"it-IT"}]}},"_links":{"self":[{"href":"https:\/\/www.topus.pl\/it\/wp-json\/wp\/v2\/pages\/1455"}],"collection":[{"href":"https:\/\/www.topus.pl\/it\/wp-json\/wp\/v2\/pages"}],"about":[{"href":"https:\/\/www.topus.pl\/it\/wp-json\/wp\/v2\/types\/page"}],"author":[{"embeddable":true,"href":"https:\/\/www.topus.pl\/it\/wp-json\/wp\/v2\/users\/1"}],"replies":[{"embeddable":true,"href":"https:\/\/www.topus.pl\/it\/wp-json\/wp\/v2\/comments?post=1455"}],"version-history":[{"count":1,"href":"https:\/\/www.topus.pl\/it\/wp-json\/wp\/v2\/pages\/1455\/revisions"}],"predecessor-version":[{"id":1521,"href":"https:\/\/www.topus.pl\/it\/wp-json\/wp\/v2\/pages\/1455\/revisions\/1521"}],"wp:attachment":[{"href":"https:\/\/www.topus.pl\/it\/wp-json\/wp\/v2\/media?parent=1455"}],"curies":[{"name":"wp","href":"https:\/\/api.w.org\/{rel}","templated":true}]}}