{"id":1323,"date":"2020-03-25T14:11:38","date_gmt":"2020-03-25T13:11:38","guid":{"rendered":"https:\/\/www.topus.pl\/produkty\/"},"modified":"2024-02-21T12:55:00","modified_gmt":"2024-02-21T11:55:00","slug":"sortiment","status":"publish","type":"page","link":"https:\/\/www.topus.pl\/de\/sortiment\/","title":{"rendered":"Sortiment"},"content":{"rendered":"","protected":false},"excerpt":{"rendered":"","protected":false},"author":1,"featured_media":0,"parent":0,"menu_order":2,"comment_status":"closed","ping_status":"closed","template":"pages\/offer.php","meta":{"_acf_changed":false,"footnotes":""},"class_list":["post-1323","page","type-page","status-publish","hentry"],"acf":[],"yoast_head":"<!-- This site is optimized with the Yoast SEO plugin v20.3 - https:\/\/yoast.com\/wordpress\/plugins\/seo\/ -->\n<title>Sortiment &ndash; Topus<\/title>\n<meta name=\"description\" content=\"Topus to niezale\u017cny dystrybutor oryginalnych materia\u0142\u00f3w eksploatacyjnych do drukarek.\" \/>\n<meta name=\"robots\" content=\"index, follow, max-snippet:-1, max-image-preview:large, max-video-preview:-1\" \/>\n<link rel=\"canonical\" href=\"https:\/\/www.topus.pl\/de\/sortiment\/\" \/>\n<meta property=\"og:locale\" content=\"de_DE\" \/>\n<meta property=\"og:type\" content=\"article\" \/>\n<meta property=\"og:title\" content=\"Sortiment &ndash; Topus\" \/>\n<meta property=\"og:description\" content=\"Topus to niezale\u017cny dystrybutor oryginalnych materia\u0142\u00f3w eksploatacyjnych do drukarek.\" \/>\n<meta property=\"og:url\" content=\"https:\/\/www.topus.pl\/de\/sortiment\/\" \/>\n<meta property=\"og:site_name\" content=\"Topus\" \/>\n<meta property=\"article:modified_time\" content=\"2024-02-21T11:55:00+00:00\" \/>\n<meta name=\"twitter:card\" content=\"summary_large_image\" \/>\n<script type=\"application\/ld+json\" class=\"yoast-schema-graph\">{\"@context\":\"https:\/\/schema.org\",\"@graph\":[{\"@type\":\"WebPage\",\"@id\":\"https:\/\/www.topus.pl\/de\/sortiment\/\",\"url\":\"https:\/\/www.topus.pl\/de\/sortiment\/\",\"name\":\"Sortiment &ndash; Topus\",\"isPartOf\":{\"@id\":\"https:\/\/www.topus.pl\/de\/#website\"},\"datePublished\":\"2020-03-25T13:11:38+00:00\",\"dateModified\":\"2024-02-21T11:55:00+00:00\",\"description\":\"Topus to niezale\u017cny dystrybutor oryginalnych materia\u0142\u00f3w eksploatacyjnych do drukarek.\",\"breadcrumb\":{\"@id\":\"https:\/\/www.topus.pl\/de\/sortiment\/#breadcrumb\"},\"inLanguage\":\"de\",\"potentialAction\":[{\"@type\":\"ReadAction\",\"target\":[\"https:\/\/www.topus.pl\/de\/sortiment\/\"]}]},{\"@type\":\"BreadcrumbList\",\"@id\":\"https:\/\/www.topus.pl\/de\/sortiment\/#breadcrumb\",\"itemListElement\":[{\"@type\":\"ListItem\",\"position\":1,\"name\":\"Strona g\u0142\u00f3wna\",\"item\":\"https:\/\/www.topus.pl\/de\/\"},{\"@type\":\"ListItem\",\"position\":2,\"name\":\"Sortiment\"}]},{\"@type\":\"WebSite\",\"@id\":\"https:\/\/www.topus.pl\/de\/#website\",\"url\":\"https:\/\/www.topus.pl\/de\/\",\"name\":\"Topus\",\"description\":\"Topus to niezale\u017cny dystrybutor oryginalnych materia\u0142\u00f3w eksploatacyjnych do drukarek.\",\"potentialAction\":[{\"@type\":\"SearchAction\",\"target\":{\"@type\":\"EntryPoint\",\"urlTemplate\":\"https:\/\/www.topus.pl\/de\/?s={search_term_string}\"},\"query-input\":\"required name=search_term_string\"}],\"inLanguage\":\"de\"}]}<\/script>\n<!-- \/ Yoast SEO plugin. -->","yoast_head_json":{"title":"Sortiment &ndash; Topus","description":"Topus to niezale\u017cny dystrybutor oryginalnych materia\u0142\u00f3w eksploatacyjnych do drukarek.","robots":{"index":"index","follow":"follow","max-snippet":"max-snippet:-1","max-image-preview":"max-image-preview:large","max-video-preview":"max-video-preview:-1"},"canonical":"https:\/\/www.topus.pl\/de\/sortiment\/","og_locale":"de_DE","og_type":"article","og_title":"Sortiment &ndash; Topus","og_description":"Topus to niezale\u017cny dystrybutor oryginalnych materia\u0142\u00f3w eksploatacyjnych do drukarek.","og_url":"https:\/\/www.topus.pl\/de\/sortiment\/","og_site_name":"Topus","article_modified_time":"2024-02-21T11:55:00+00:00","twitter_card":"summary_large_image","schema":{"@context":"https:\/\/schema.org","@graph":[{"@type":"WebPage","@id":"https:\/\/www.topus.pl\/de\/sortiment\/","url":"https:\/\/www.topus.pl\/de\/sortiment\/","name":"Sortiment &ndash; Topus","isPartOf":{"@id":"https:\/\/www.topus.pl\/de\/#website"},"datePublished":"2020-03-25T13:11:38+00:00","dateModified":"2024-02-21T11:55:00+00:00","description":"Topus to niezale\u017cny dystrybutor oryginalnych materia\u0142\u00f3w eksploatacyjnych do drukarek.","breadcrumb":{"@id":"https:\/\/www.topus.pl\/de\/sortiment\/#breadcrumb"},"inLanguage":"de","potentialAction":[{"@type":"ReadAction","target":["https:\/\/www.topus.pl\/de\/sortiment\/"]}]},{"@type":"BreadcrumbList","@id":"https:\/\/www.topus.pl\/de\/sortiment\/#breadcrumb","itemListElement":[{"@type":"ListItem","position":1,"name":"Strona g\u0142\u00f3wna","item":"https:\/\/www.topus.pl\/de\/"},{"@type":"ListItem","position":2,"name":"Sortiment"}]},{"@type":"WebSite","@id":"https:\/\/www.topus.pl\/de\/#website","url":"https:\/\/www.topus.pl\/de\/","name":"Topus","description":"Topus to niezale\u017cny dystrybutor oryginalnych materia\u0142\u00f3w eksploatacyjnych do drukarek.","potentialAction":[{"@type":"SearchAction","target":{"@type":"EntryPoint","urlTemplate":"https:\/\/www.topus.pl\/de\/?s={search_term_string}"},"query-input":"required name=search_term_string"}],"inLanguage":"de"}]}},"_links":{"self":[{"href":"https:\/\/www.topus.pl\/de\/wp-json\/wp\/v2\/pages\/1323"}],"collection":[{"href":"https:\/\/www.topus.pl\/de\/wp-json\/wp\/v2\/pages"}],"about":[{"href":"https:\/\/www.topus.pl\/de\/wp-json\/wp\/v2\/types\/page"}],"author":[{"embeddable":true,"href":"https:\/\/www.topus.pl\/de\/wp-json\/wp\/v2\/users\/1"}],"replies":[{"embeddable":true,"href":"https:\/\/www.topus.pl\/de\/wp-json\/wp\/v2\/comments?post=1323"}],"version-history":[{"count":8,"href":"https:\/\/www.topus.pl\/de\/wp-json\/wp\/v2\/pages\/1323\/revisions"}],"predecessor-version":[{"id":4537,"href":"https:\/\/www.topus.pl\/de\/wp-json\/wp\/v2\/pages\/1323\/revisions\/4537"}],"wp:attachment":[{"href":"https:\/\/www.topus.pl\/de\/wp-json\/wp\/v2\/media?parent=1323"}],"curies":[{"name":"wp","href":"https:\/\/api.w.org\/{rel}","templated":true}]}}