{"id":3280,"date":"2020-03-25T14:13:05","date_gmt":"2020-03-25T13:13:05","guid":{"rendered":"https:\/\/www.topus.pl\/kariera\/"},"modified":"2021-01-06T16:52:39","modified_gmt":"2021-01-06T15:52:39","slug":"%d8%a7%d9%84%d9%88%d8%b8%d8%a7%d8%a6%d9%81","status":"publish","type":"page","link":"https:\/\/www.topus.pl\/ar\/%d8%a7%d9%84%d9%88%d8%b8%d8%a7%d8%a6%d9%81\/","title":{"rendered":"\u0627\u0644\u0648\u0638\u0627\u0626\u0641"},"content":{"rendered":"","protected":false},"excerpt":{"rendered":"","protected":false},"author":1,"featured_media":0,"parent":0,"menu_order":1,"comment_status":"closed","ping_status":"closed","template":"pages\/career.php","meta":{"_acf_changed":false,"footnotes":""},"class_list":["post-3280","page","type-page","status-publish","hentry"],"acf":[],"yoast_head":"<!-- This site is optimized with the Yoast SEO plugin v20.3 - https:\/\/yoast.com\/wordpress\/plugins\/seo\/ -->\n<title>\u0627\u0644\u0648\u0638\u0627\u0626\u0641 &ndash; Topus<\/title>\n<meta name=\"description\" content=\"Topus to niezale\u017cny dystrybutor oryginalnych materia\u0142\u00f3w eksploatacyjnych do drukarek.\" \/>\n<meta name=\"robots\" content=\"index, follow, max-snippet:-1, max-image-preview:large, max-video-preview:-1\" \/>\n<link rel=\"canonical\" href=\"https:\/\/www.topus.pl\/ar\/%d8%a7%d9%84%d9%88%d8%b8%d8%a7%d8%a6%d9%81\/\" \/>\n<meta property=\"og:locale\" content=\"ar_AR\" \/>\n<meta property=\"og:type\" content=\"article\" \/>\n<meta property=\"og:title\" content=\"\u0627\u0644\u0648\u0638\u0627\u0626\u0641 &ndash; Topus\" \/>\n<meta property=\"og:description\" content=\"Topus to niezale\u017cny dystrybutor oryginalnych materia\u0142\u00f3w eksploatacyjnych do drukarek.\" \/>\n<meta property=\"og:url\" content=\"https:\/\/www.topus.pl\/ar\/%d8%a7%d9%84%d9%88%d8%b8%d8%a7%d8%a6%d9%81\/\" \/>\n<meta property=\"og:site_name\" content=\"Topus\" \/>\n<meta property=\"article:modified_time\" content=\"2021-01-06T15:52:39+00:00\" \/>\n<meta name=\"twitter:card\" content=\"summary_large_image\" \/>\n<script type=\"application\/ld+json\" class=\"yoast-schema-graph\">{\"@context\":\"https:\/\/schema.org\",\"@graph\":[{\"@type\":\"WebPage\",\"@id\":\"https:\/\/www.topus.pl\/ar\/%d8%a7%d9%84%d9%88%d8%b8%d8%a7%d8%a6%d9%81\/\",\"url\":\"https:\/\/www.topus.pl\/ar\/%d8%a7%d9%84%d9%88%d8%b8%d8%a7%d8%a6%d9%81\/\",\"name\":\"\u0627\u0644\u0648\u0638\u0627\u0626\u0641 &ndash; Topus\",\"isPartOf\":{\"@id\":\"https:\/\/www.topus.pl\/ar\/#website\"},\"datePublished\":\"2020-03-25T13:13:05+00:00\",\"dateModified\":\"2021-01-06T15:52:39+00:00\",\"description\":\"Topus to niezale\u017cny dystrybutor oryginalnych materia\u0142\u00f3w eksploatacyjnych do drukarek.\",\"breadcrumb\":{\"@id\":\"https:\/\/www.topus.pl\/ar\/%d8%a7%d9%84%d9%88%d8%b8%d8%a7%d8%a6%d9%81\/#breadcrumb\"},\"inLanguage\":\"ar\",\"potentialAction\":[{\"@type\":\"ReadAction\",\"target\":[\"https:\/\/www.topus.pl\/ar\/%d8%a7%d9%84%d9%88%d8%b8%d8%a7%d8%a6%d9%81\/\"]}]},{\"@type\":\"BreadcrumbList\",\"@id\":\"https:\/\/www.topus.pl\/ar\/%d8%a7%d9%84%d9%88%d8%b8%d8%a7%d8%a6%d9%81\/#breadcrumb\",\"itemListElement\":[{\"@type\":\"ListItem\",\"position\":1,\"name\":\"Strona g\u0142\u00f3wna\",\"item\":\"https:\/\/www.topus.pl\/ar\/\"},{\"@type\":\"ListItem\",\"position\":2,\"name\":\"\u0627\u0644\u0648\u0638\u0627\u0626\u0641\"}]},{\"@type\":\"WebSite\",\"@id\":\"https:\/\/www.topus.pl\/ar\/#website\",\"url\":\"https:\/\/www.topus.pl\/ar\/\",\"name\":\"Topus\",\"description\":\"Topus to niezale\u017cny dystrybutor oryginalnych materia\u0142\u00f3w eksploatacyjnych do drukarek.\",\"potentialAction\":[{\"@type\":\"SearchAction\",\"target\":{\"@type\":\"EntryPoint\",\"urlTemplate\":\"https:\/\/www.topus.pl\/ar\/?s={search_term_string}\"},\"query-input\":\"required name=search_term_string\"}],\"inLanguage\":\"ar\"}]}<\/script>\n<!-- \/ Yoast SEO plugin. -->","yoast_head_json":{"title":"\u0627\u0644\u0648\u0638\u0627\u0626\u0641 &ndash; Topus","description":"Topus to niezale\u017cny dystrybutor oryginalnych materia\u0142\u00f3w eksploatacyjnych do drukarek.","robots":{"index":"index","follow":"follow","max-snippet":"max-snippet:-1","max-image-preview":"max-image-preview:large","max-video-preview":"max-video-preview:-1"},"canonical":"https:\/\/www.topus.pl\/ar\/%d8%a7%d9%84%d9%88%d8%b8%d8%a7%d8%a6%d9%81\/","og_locale":"ar_AR","og_type":"article","og_title":"\u0627\u0644\u0648\u0638\u0627\u0626\u0641 &ndash; Topus","og_description":"Topus to niezale\u017cny dystrybutor oryginalnych materia\u0142\u00f3w eksploatacyjnych do drukarek.","og_url":"https:\/\/www.topus.pl\/ar\/%d8%a7%d9%84%d9%88%d8%b8%d8%a7%d8%a6%d9%81\/","og_site_name":"Topus","article_modified_time":"2021-01-06T15:52:39+00:00","twitter_card":"summary_large_image","schema":{"@context":"https:\/\/schema.org","@graph":[{"@type":"WebPage","@id":"https:\/\/www.topus.pl\/ar\/%d8%a7%d9%84%d9%88%d8%b8%d8%a7%d8%a6%d9%81\/","url":"https:\/\/www.topus.pl\/ar\/%d8%a7%d9%84%d9%88%d8%b8%d8%a7%d8%a6%d9%81\/","name":"\u0627\u0644\u0648\u0638\u0627\u0626\u0641 &ndash; Topus","isPartOf":{"@id":"https:\/\/www.topus.pl\/ar\/#website"},"datePublished":"2020-03-25T13:13:05+00:00","dateModified":"2021-01-06T15:52:39+00:00","description":"Topus to niezale\u017cny dystrybutor oryginalnych materia\u0142\u00f3w eksploatacyjnych do drukarek.","breadcrumb":{"@id":"https:\/\/www.topus.pl\/ar\/%d8%a7%d9%84%d9%88%d8%b8%d8%a7%d8%a6%d9%81\/#breadcrumb"},"inLanguage":"ar","potentialAction":[{"@type":"ReadAction","target":["https:\/\/www.topus.pl\/ar\/%d8%a7%d9%84%d9%88%d8%b8%d8%a7%d8%a6%d9%81\/"]}]},{"@type":"BreadcrumbList","@id":"https:\/\/www.topus.pl\/ar\/%d8%a7%d9%84%d9%88%d8%b8%d8%a7%d8%a6%d9%81\/#breadcrumb","itemListElement":[{"@type":"ListItem","position":1,"name":"Strona g\u0142\u00f3wna","item":"https:\/\/www.topus.pl\/ar\/"},{"@type":"ListItem","position":2,"name":"\u0627\u0644\u0648\u0638\u0627\u0626\u0641"}]},{"@type":"WebSite","@id":"https:\/\/www.topus.pl\/ar\/#website","url":"https:\/\/www.topus.pl\/ar\/","name":"Topus","description":"Topus to niezale\u017cny dystrybutor oryginalnych materia\u0142\u00f3w eksploatacyjnych do drukarek.","potentialAction":[{"@type":"SearchAction","target":{"@type":"EntryPoint","urlTemplate":"https:\/\/www.topus.pl\/ar\/?s={search_term_string}"},"query-input":"required name=search_term_string"}],"inLanguage":"ar"}]}},"_links":{"self":[{"href":"https:\/\/www.topus.pl\/ar\/wp-json\/wp\/v2\/pages\/3280"}],"collection":[{"href":"https:\/\/www.topus.pl\/ar\/wp-json\/wp\/v2\/pages"}],"about":[{"href":"https:\/\/www.topus.pl\/ar\/wp-json\/wp\/v2\/types\/page"}],"author":[{"embeddable":true,"href":"https:\/\/www.topus.pl\/ar\/wp-json\/wp\/v2\/users\/1"}],"replies":[{"embeddable":true,"href":"https:\/\/www.topus.pl\/ar\/wp-json\/wp\/v2\/comments?post=3280"}],"version-history":[{"count":5,"href":"https:\/\/www.topus.pl\/ar\/wp-json\/wp\/v2\/pages\/3280\/revisions"}],"predecessor-version":[{"id":3479,"href":"https:\/\/www.topus.pl\/ar\/wp-json\/wp\/v2\/pages\/3280\/revisions\/3479"}],"wp:attachment":[{"href":"https:\/\/www.topus.pl\/ar\/wp-json\/wp\/v2\/media?parent=3280"}],"curies":[{"name":"wp","href":"https:\/\/api.w.org\/{rel}","templated":true}]}}